{"id":1910,"date":"2025-12-27T21:38:31","date_gmt":"2025-12-28T02:38:31","guid":{"rendered":"https:\/\/clickagencyads.com\/product\/lancha-real-life-i\/"},"modified":"2026-02-21T19:43:43","modified_gmt":"2026-02-22T00:43:43","slug":"lanchas-en-cartagena-real-life-i","status":"publish","type":"product","link":"https:\/\/tropicaldestiny.com.co\/en\/product\/lanchas-en-cartagena-real-life-i\/","title":{"rendered":"Real Life Boat I"},"content":{"rendered":"<h2 style=\"text-align: center;\" data-start=\"0\" data-end=\"75\"><span style=\"color: #000000;\"><strong data-start=\"3\" data-end=\"75\">Boats in Cartagena Real Life I for trips to the Rosario Islands<\/strong><\/span><\/h2>\n<p><strong><span style=\"color: #000000;\">Enjoy the best nautical experience on sports boats, in the company of your family and friends<\/span><\/strong><\/p>\n<p><span style=\"color: #000000;\">For many years, boat trips were traditional, involving sharing vessels with other groups and adhering to pre-established routes, destinations, and schedules. Today, this way of traveling has evolved. Modern travelers seek privacy, comfort, and complete freedom to enjoy the sea at their own pace.<\/span><\/p>\n<p><span style=\"color: #000000;\">With <strong>Boats in Cartagena Real Life I<\/strong>, we offer a personalized and exclusive sailing experience, designed for those who want to experience the Caribbean in a different way. Each trip is unique, designed to create memorable moments from the very first moment on board.<\/span><\/p>\n<hr data-start=\"854\" data-end=\"857\" \/>\n<h3 data-start=\"859\" data-end=\"914\"><span style=\"color: #000000;\"><strong data-start=\"863\" data-end=\"914\">A private and personalized nautical experience<\/strong><\/span><\/h3>\n<p data-start=\"915\" data-end=\"1159\"><span style=\"color: #000000;\">This is a tailor-made sailing experience, offered on our vessels to our most valued clients. We specialize in <strong data-start=\"1066\" data-end=\"1089\">customer service<\/strong>, attending to every detail to ensure that every moment at sea is special.<\/span><\/p>\n<p data-start=\"1161\" data-end=\"1428\"><span style=\"color: #000000;\">From the property to our tour guides and crews, our goal is to show passengers the best of <strong data-start=\"1288\" data-end=\"1310\">Cartagena bay<\/strong> and the <strong data-start=\"1317\" data-end=\"1338\">Rosario Islands<\/strong>, combining spectacular scenery, crystal-clear waters, and an atmosphere of total relaxation.<\/span><\/p>\n<p data-start=\"1430\" data-end=\"1664\"><span style=\"color: #000000;\">Navegamos hacia <strong data-start=\"1446\" data-end=\"1489\">islas privadas o de comunidades nativas<\/strong>, ideal for relaxing, swimming, and escaping the noise of the city. We have a <strong data-start=\"1578\" data-end=\"1607\">wide selection of boats<\/strong>, adapted to different group sizes and preferences.<\/span><\/p>\n<hr data-start=\"1666\" data-end=\"1669\" \/>\n<h3 data-start=\"1671\" data-end=\"1714\"><span style=\"color: #000000;\"><strong data-start=\"1674\" data-end=\"1714\">Real Life I boat for 14 passengers<\/strong><\/span><\/h3>\n<p data-start=\"1715\" data-end=\"1867\"><span style=\"color: #000000;\">The <strong data-start=\"1718\" data-end=\"1733\">Real Life I<\/strong> is a modern, powerful and comfortable sports boat, perfect for groups looking to enjoy the sea with space, style and safety.<\/span><\/p>\n<h4 data-start=\"1869\" data-end=\"1910\"><span style=\"color: #000000;\"><strong data-start=\"1873\" data-end=\"1910\">Vessel characteristics<\/strong><\/span><\/h4>\n<ul data-start=\"1911\" data-end=\"2159\">\n<li data-start=\"1911\" data-end=\"1934\">\n<p data-start=\"1913\" data-end=\"1934\"><span style=\"color: #000000;\"><strong data-start=\"1913\" data-end=\"1924\">Length:<\/strong> 34 feet<\/span><\/p>\n<\/li>\n<li data-start=\"1935\" data-end=\"1975\">\n<p data-start=\"1937\" data-end=\"1975\"><span style=\"color: #000000;\"><strong data-start=\"1937\" data-end=\"1949\">Engines:<\/strong> 2 engines of <strong data-start=\"1963\" data-end=\"1973\">200 HP<\/strong><\/span><\/p>\n<\/li>\n<li data-start=\"1976\" data-end=\"2011\">\n<p data-start=\"1978\" data-end=\"2011\"><span style=\"color: #000000;\"><strong data-start=\"1978\" data-end=\"1992\">Capacity:<\/strong> <strong data-start=\"1993\" data-end=\"2009\">14 passengers<\/strong><\/span><\/p>\n<\/li>\n<li data-start=\"2012\" data-end=\"2066\">\n<p data-start=\"2014\" data-end=\"2066\"><span style=\"color: #000000;\"><strong data-start=\"2014\" data-end=\"2025\">Sound:<\/strong> <strong data-start=\"2026\" data-end=\"2064\">JL Professional Audio with Bluetooth<\/strong><\/span><\/p>\n<\/li>\n<li data-start=\"2067\" data-end=\"2112\">\n<p data-start=\"2069\" data-end=\"2112\"><span style=\"color: #000000;\"><strong data-start=\"2069\" data-end=\"2092\">Bow sunbathing areas<\/strong> for sunbathing<\/span><\/p>\n<\/li>\n<li data-start=\"2113\" data-end=\"2140\">\n<p data-start=\"2115\" data-end=\"2140\"><span style=\"color: #000000;\"><strong data-start=\"2115\" data-end=\"2138\">Freshwater shower<\/strong><\/span><\/p>\n<\/li>\n<li data-start=\"2141\" data-end=\"2159\">\n<p data-start=\"2143\" data-end=\"2159\"><span style=\"color: #000000;\"><strong data-start=\"2143\" data-end=\"2159\">Bathroom on board<\/strong><\/span><\/p>\n<\/li>\n<\/ul>\n<p data-start=\"2161\" data-end=\"2301\"><span style=\"color: #000000;\">Its design guarantees stable and comfortable navigation, ideal for both long journeys and enjoying stops at the islands.<\/span><\/p>\n<hr data-start=\"2303\" data-end=\"2306\" \/>\n<h3 data-start=\"2308\" data-end=\"2365\"><span style=\"color: #000000;\"><strong data-start=\"2311\" data-end=\"2365\">What does the Real Life I boat rental include?<\/strong><\/span><\/h3>\n<p data-start=\"2366\" data-end=\"2428\"><span style=\"color: #000000;\">So you can just focus on enjoying yourself, the service includes:<\/span><\/p>\n<ul data-start=\"2430\" data-end=\"2550\">\n<li data-start=\"2430\" data-end=\"2459\">\n<p data-start=\"2432\" data-end=\"2459\"><span style=\"color: #000000;\"><strong data-start=\"2432\" data-end=\"2457\">8 hours of sailing<\/strong><\/span><\/p>\n<\/li>\n<li data-start=\"2460\" data-end=\"2479\">\n<p data-start=\"2462\" data-end=\"2479\"><span style=\"color: #000000;\"><strong data-start=\"2462\" data-end=\"2477\">Fuel<\/strong><\/span><\/p>\n<\/li>\n<li data-start=\"2480\" data-end=\"2511\">\n<p data-start=\"2482\" data-end=\"2511\"><span style=\"color: #000000;\"><strong data-start=\"2482\" data-end=\"2509\">Professional crew<\/strong><\/span><\/p>\n<\/li>\n<li data-start=\"2512\" data-end=\"2550\">\n<p data-start=\"2514\" data-end=\"2550\"><span style=\"color: #000000;\"><strong data-start=\"2514\" data-end=\"2550\">Large portable cooler with ice<\/strong><\/span><\/p>\n<\/li>\n<\/ul>\n<p data-start=\"2552\" data-end=\"2683\"><span style=\"color: #000000;\">Our onboard staff are highly trained to provide friendly, safe, and professional service throughout the day.<\/span><\/p>\n<hr data-start=\"2685\" data-end=\"2688\" \/>\n<h3 data-start=\"2690\" data-end=\"2715\"><span style=\"color: #000000;\"><strong data-start=\"2693\" data-end=\"2715\">Tour logistics<\/strong><\/span><\/h3>\n<ul data-start=\"2716\" data-end=\"2827\">\n<li data-start=\"2716\" data-end=\"2752\">\n<p data-start=\"2718\" data-end=\"2752\"><span style=\"color: #000000;\"><strong data-start=\"2718\" data-end=\"2736\">Departure time:<\/strong> <strong data-start=\"2737\" data-end=\"2750\">9:00 a.m.<\/strong><\/span><\/p>\n<\/li>\n<li data-start=\"2753\" data-end=\"2827\">\n<p data-start=\"2755\" data-end=\"2827\"><span style=\"color: #000000;\"><strong data-start=\"2755\" data-end=\"2775\">Return time:<\/strong> <strong data-start=\"2776\" data-end=\"2789\">5:00 p.m.<\/strong><\/span><br data-start=\"2789\" data-end=\"2792\" \/><span style=\"color: #000000;\"><em data-start=\"2792\" data-end=\"2827\">(Subject to weather conditions)<\/em><\/span><\/p>\n<\/li>\n<\/ul>\n<p data-start=\"2829\" data-end=\"2921\"><span style=\"color: #000000;\">This schedule allows you to enjoy the whole day at sea, without rushing and in total comfort.<\/span><\/p>\n<hr data-start=\"2923\" data-end=\"2926\" \/>\n<h3 data-start=\"2928\" data-end=\"2956\"><span style=\"color: #000000;\"><strong data-start=\"2931\" data-end=\"2956\">Suggested nautical route<\/strong><\/span><\/h3>\n<p data-start=\"2957\" data-end=\"3052\"><span style=\"color: #000000;\">The route can be customized to the client's preferences. One of the most popular routes includes:<\/span><\/p>\n<ul data-start=\"3054\" data-end=\"3290\">\n<li data-start=\"3054\" data-end=\"3073\">\n<p data-start=\"3056\" data-end=\"3073\"><span style=\"color: #000000;\"><strong data-start=\"3056\" data-end=\"3071\">Big Island<\/strong><\/span><\/p>\n<\/li>\n<li data-start=\"3074\" data-end=\"3145\">\n<p data-start=\"3076\" data-end=\"3145\"><span style=\"color: #000000;\"><strong data-start=\"3076\" data-end=\"3090\">The Pool<\/strong> \u2013 Coral reef ideal for swimming and snorkeling<\/span><\/p>\n<\/li>\n<li data-start=\"3146\" data-end=\"3188\">\n<p data-start=\"3148\" data-end=\"3188\"><span style=\"color: #000000;\"><strong data-start=\"3148\" data-end=\"3158\">Chol\u00f3n<\/strong> \u2013 festive and social atmosphere<\/span><\/p>\n<\/li>\n<li data-start=\"3189\" data-end=\"3239\">\n<p data-start=\"3191\" data-end=\"3239\"><span style=\"color: #000000;\"><strong data-start=\"3191\" data-end=\"3204\">Blue Water<\/strong> \u2013 calm and crystal clear waters<\/span><\/p>\n<\/li>\n<li data-start=\"3240\" data-end=\"3290\">\n<p data-start=\"3242\" data-end=\"3290\"><span style=\"color: #000000;\"><strong data-start=\"3242\" data-end=\"3250\">Bar\u00fa<\/strong> \u2013 wide beaches and Caribbean landscapes<\/span><\/p>\n<\/li>\n<\/ul>\n<p data-start=\"3292\" data-end=\"3367\"><span style=\"color: #000000;\"><em data-start=\"3292\" data-end=\"3367\">(Route subject to change based on customer request and daily conditions)<\/em><\/span><\/p>\n<hr data-start=\"3369\" data-end=\"3372\" \/>\n<h3 data-start=\"3374\" data-end=\"3403\"><span style=\"color: #000000;\"><strong data-start=\"3377\" data-end=\"3403\">Insurance and peace of mind<\/strong><\/span><\/h3>\n<p data-start=\"3404\" data-end=\"3461\"><span style=\"color: #000000;\">For your safety and peace of mind, the service includes:<\/span><\/p>\n<ul data-start=\"3462\" data-end=\"3553\">\n<li data-start=\"3462\" data-end=\"3515\">\n<p data-start=\"3464\" data-end=\"3515\"><span style=\"color: #000000;\"><strong data-start=\"3464\" data-end=\"3513\">Group accident insurance policy for passengers<\/strong><\/span><\/p>\n<\/li>\n<li data-start=\"3516\" data-end=\"3553\">\n<p data-start=\"3518\" data-end=\"3553\"><span style=\"color: #000000;\"><strong data-start=\"3518\" data-end=\"3553\">Liability insurance policy<\/strong><\/span><\/p>\n<\/li>\n<\/ul>\n<hr data-start=\"3555\" data-end=\"3558\" \/>\n<h3 data-start=\"3560\" data-end=\"3593\"><span style=\"color: #000000;\"><strong data-start=\"3563\" data-end=\"3593\">Book your boat today<\/strong><\/span><\/h3>\n<p data-start=\"3594\" data-end=\"3857\"><span style=\"color: #000000;\">Experience the Caribbean from the sea with <strong data-start=\"3626\" data-end=\"3662\">Boats in Cartagena Real Life I<\/strong> and make your day an unforgettable experience. Ideal for families, groups of friends, special celebrations, or simply for those who want to sail with freedom, comfort, and exclusivity.<\/span><\/p>\n<p data-start=\"3859\" data-end=\"3945\" data-is-last-node=\"\" data-is-only-node=\"\"><span style=\"color: #000000;\"><strong data-start=\"3859\" data-end=\"3940\">Book your boat today and discover the Rosario Islands like never before.<\/strong> \ud83c\udf0a\ud83d\udea4<\/span><\/p>\n<p style=\"text-align: center;\"><span style=\"color: #ff0000;\">\ud83d\udccc <strong data-start=\"1383\" data-end=\"1425\">Price subject to change depending on the season.<\/strong><\/span><br data-start=\"1425\" data-end=\"1428\" \/><span style=\"color: #000000;\"><em data-start=\"1430\" data-end=\"1499\">(Check availability and final price according to your booking date).<\/em><\/span><\/p>","protected":false},"excerpt":{"rendered":"<p><span style=\"color: #000000;\">You can reserve this boat with a 50% deposit, the rest you pay when you do the activity, or you can make the full payment.<\/span><\/p>\n<p style=\"text-align: center;\" data-start=\"1380\" data-end=\"1499\"><span style=\"color: #ff0000;\">\ud83d\udccc <strong data-start=\"1383\" data-end=\"1425\">Price subject to change depending on the season.<\/strong><\/span><br data-start=\"1425\" data-end=\"1428\" \/><span style=\"color: #000000;\"><em data-start=\"1430\" data-end=\"1499\">(Check availability and final price according to your booking date).<\/em><\/span><\/p>","protected":false},"featured_media":1909,"comment_status":"open","ping_status":"closed","template":"","meta":{"_joinchat":[]},"product_brand":[],"product_cat":[75,15,72],"product_tag":[],"class_list":{"0":"post-1910","1":"product","2":"type-product","3":"status-publish","4":"has-post-thumbnail","6":"product_cat-capacidad-12-14-pasajeros","7":"product_cat-alquiler-botes-deportivos-cartagena","8":"product_cat-alquiler-de-botes-deportivos-en-cartagena","10":"first","11":"instock","12":"virtual","13":"sold-individually","14":"purchasable","15":"product-type-booking"},"yoast_head":"<!-- This site is optimized with the Yoast SEO plugin v27.3 - https:\/\/yoast.com\/product\/yoast-seo-wordpress\/ -->\n<title>Lanchas en Cartagena Real Life I<\/title>\n<meta name=\"description\" content=\"Lanchas en Cartagena Real Life I, disfruta de la mejor experiencia n\u00e1utica en embarcaciones deportivas en compa\u00f1\u00eda de tus familiares y amigos\" \/>\n<meta name=\"robots\" content=\"index, follow, max-snippet:-1, max-image-preview:large, max-video-preview:-1\" \/>\n<link rel=\"canonical\" href=\"https:\/\/tropicaldestiny.com.co\/en\/product\/lanchas-en-cartagena-real-life-i\/\" \/>\n<meta property=\"og:locale\" content=\"en_US\" \/>\n<meta property=\"og:type\" content=\"article\" \/>\n<meta property=\"og:title\" content=\"Lanchas en Cartagena Real Life I\" \/>\n<meta property=\"og:description\" content=\"Lanchas en Cartagena Real Life I, disfruta de la mejor experiencia n\u00e1utica en embarcaciones deportivas en compa\u00f1\u00eda de tus familiares y amigos\" \/>\n<meta property=\"og:url\" content=\"https:\/\/tropicaldestiny.com.co\/en\/product\/lanchas-en-cartagena-real-life-i\/\" \/>\n<meta property=\"og:site_name\" content=\"Tropical Destiny\" \/>\n<meta property=\"article:publisher\" content=\"https:\/\/www.facebook.com\/tourporelcaribe\" \/>\n<meta property=\"article:modified_time\" content=\"2026-02-22T00:43:43+00:00\" \/>\n<meta property=\"og:image\" content=\"https:\/\/tropicaldestiny.com.co\/wp-content\/uploads\/2025\/12\/La-Embarcacion-que-Buscas-1-1.jpg\" \/>\n\t<meta property=\"og:image:width\" content=\"1000\" \/>\n\t<meta property=\"og:image:height\" content=\"750\" \/>\n\t<meta property=\"og:image:type\" content=\"image\/jpeg\" \/>\n<meta name=\"twitter:card\" content=\"summary_large_image\" \/>\n<meta name=\"twitter:site\" content=\"@tourcaribe\" \/>\n<meta name=\"twitter:label1\" content=\"Est. reading time\" \/>\n\t<meta name=\"twitter:data1\" content=\"3 minutes\" \/>\n<script type=\"application\/ld+json\" class=\"yoast-schema-graph\">{\"@context\":\"https:\\\/\\\/schema.org\",\"@graph\":[{\"@type\":\"WebPage\",\"@id\":\"https:\\\/\\\/tropicaldestiny.com.co\\\/producto\\\/lanchas-en-cartagena-real-life-i\\\/\",\"url\":\"https:\\\/\\\/tropicaldestiny.com.co\\\/producto\\\/lanchas-en-cartagena-real-life-i\\\/\",\"name\":\"Lanchas en Cartagena Real Life I\",\"isPartOf\":{\"@id\":\"https:\\\/\\\/tropicaldestiny.com.co\\\/#website\"},\"primaryImageOfPage\":{\"@id\":\"https:\\\/\\\/tropicaldestiny.com.co\\\/producto\\\/lanchas-en-cartagena-real-life-i\\\/#primaryimage\"},\"image\":{\"@id\":\"https:\\\/\\\/tropicaldestiny.com.co\\\/producto\\\/lanchas-en-cartagena-real-life-i\\\/#primaryimage\"},\"thumbnailUrl\":\"https:\\\/\\\/tropicaldestiny.com.co\\\/wp-content\\\/uploads\\\/2025\\\/12\\\/La-Embarcacion-que-Buscas-1-1.jpg\",\"datePublished\":\"2025-12-28T02:38:31+00:00\",\"dateModified\":\"2026-02-22T00:43:43+00:00\",\"description\":\"Lanchas en Cartagena Real Life I, disfruta de la mejor experiencia n\u00e1utica en embarcaciones deportivas en compa\u00f1\u00eda de tus familiares y amigos\",\"breadcrumb\":{\"@id\":\"https:\\\/\\\/tropicaldestiny.com.co\\\/producto\\\/lanchas-en-cartagena-real-life-i\\\/#breadcrumb\"},\"inLanguage\":\"en-US\",\"potentialAction\":[{\"@type\":\"ReadAction\",\"target\":[\"https:\\\/\\\/tropicaldestiny.com.co\\\/producto\\\/lanchas-en-cartagena-real-life-i\\\/\"]}]},{\"@type\":\"ImageObject\",\"inLanguage\":\"en-US\",\"@id\":\"https:\\\/\\\/tropicaldestiny.com.co\\\/producto\\\/lanchas-en-cartagena-real-life-i\\\/#primaryimage\",\"url\":\"https:\\\/\\\/tropicaldestiny.com.co\\\/wp-content\\\/uploads\\\/2025\\\/12\\\/La-Embarcacion-que-Buscas-1-1.jpg\",\"contentUrl\":\"https:\\\/\\\/tropicaldestiny.com.co\\\/wp-content\\\/uploads\\\/2025\\\/12\\\/La-Embarcacion-que-Buscas-1-1.jpg\",\"width\":1000,\"height\":750},{\"@type\":\"BreadcrumbList\",\"@id\":\"https:\\\/\\\/tropicaldestiny.com.co\\\/producto\\\/lanchas-en-cartagena-real-life-i\\\/#breadcrumb\",\"itemListElement\":[{\"@type\":\"ListItem\",\"position\":1,\"name\":\"Inicio\",\"item\":\"https:\\\/\\\/tropicaldestiny.com.co\\\/\"},{\"@type\":\"ListItem\",\"position\":2,\"name\":\"Shop\",\"item\":\"https:\\\/\\\/tropicaldestiny.com.co\\\/shop\\\/\"},{\"@type\":\"ListItem\",\"position\":3,\"name\":\"Lancha Real Life I\"}]},{\"@type\":\"WebSite\",\"@id\":\"https:\\\/\\\/tropicaldestiny.com.co\\\/#website\",\"url\":\"https:\\\/\\\/tropicaldestiny.com.co\\\/\",\"name\":\"Tour por el caribe\",\"description\":\"\",\"publisher\":{\"@id\":\"https:\\\/\\\/tropicaldestiny.com.co\\\/#organization\"},\"potentialAction\":[{\"@type\":\"SearchAction\",\"target\":{\"@type\":\"EntryPoint\",\"urlTemplate\":\"https:\\\/\\\/tropicaldestiny.com.co\\\/?s={search_term_string}\"},\"query-input\":{\"@type\":\"PropertyValueSpecification\",\"valueRequired\":true,\"valueName\":\"search_term_string\"}}],\"inLanguage\":\"en-US\"},{\"@type\":\"Organization\",\"@id\":\"https:\\\/\\\/tropicaldestiny.com.co\\\/#organization\",\"name\":\"Tour por el caribe\",\"url\":\"https:\\\/\\\/tropicaldestiny.com.co\\\/\",\"logo\":{\"@type\":\"ImageObject\",\"inLanguage\":\"en-US\",\"@id\":\"https:\\\/\\\/tropicaldestiny.com.co\\\/#\\\/schema\\\/logo\\\/image\\\/\",\"url\":\"https:\\\/\\\/tropicaldestiny.com.co\\\/wp-content\\\/uploads\\\/2021\\\/08\\\/logo-horizontal-512-x-512.png\",\"contentUrl\":\"https:\\\/\\\/tropicaldestiny.com.co\\\/wp-content\\\/uploads\\\/2021\\\/08\\\/logo-horizontal-512-x-512.png\",\"width\":512,\"height\":512,\"caption\":\"Tour por el caribe\"},\"image\":{\"@id\":\"https:\\\/\\\/tropicaldestiny.com.co\\\/#\\\/schema\\\/logo\\\/image\\\/\"},\"sameAs\":[\"https:\\\/\\\/www.facebook.com\\\/tourporelcaribe\",\"https:\\\/\\\/x.com\\\/tourcaribe\",\"https:\\\/\\\/www.instagram.com\\\/tourscaribe\\\/\",\"https:\\\/\\\/www.youtube.com\\\/@tourcaribe\"]}]}<\/script>\n<!-- \/ Yoast SEO plugin. -->","yoast_head_json":{"title":"Boats in Cartagena Real Life I","description":"Lanchas en Cartagena Real Life I, disfruta de la mejor experiencia n\u00e1utica en embarcaciones deportivas en compa\u00f1\u00eda de tus familiares y amigos","robots":{"index":"index","follow":"follow","max-snippet":"max-snippet:-1","max-image-preview":"max-image-preview:large","max-video-preview":"max-video-preview:-1"},"canonical":"https:\/\/tropicaldestiny.com.co\/en\/product\/lanchas-en-cartagena-real-life-i\/","og_locale":"en_US","og_type":"article","og_title":"Lanchas en Cartagena Real Life I","og_description":"Lanchas en Cartagena Real Life I, disfruta de la mejor experiencia n\u00e1utica en embarcaciones deportivas en compa\u00f1\u00eda de tus familiares y amigos","og_url":"https:\/\/tropicaldestiny.com.co\/en\/product\/lanchas-en-cartagena-real-life-i\/","og_site_name":"Tropical Destiny","article_publisher":"https:\/\/www.facebook.com\/tourporelcaribe","article_modified_time":"2026-02-22T00:43:43+00:00","og_image":[{"width":1000,"height":750,"url":"https:\/\/tropicaldestiny.com.co\/wp-content\/uploads\/2025\/12\/La-Embarcacion-que-Buscas-1-1.jpg","type":"image\/jpeg"}],"twitter_card":"summary_large_image","twitter_site":"@tourcaribe","twitter_misc":{"Est. reading time":"3 minutes"},"schema":{"@context":"https:\/\/schema.org","@graph":[{"@type":"WebPage","@id":"https:\/\/tropicaldestiny.com.co\/producto\/lanchas-en-cartagena-real-life-i\/","url":"https:\/\/tropicaldestiny.com.co\/producto\/lanchas-en-cartagena-real-life-i\/","name":"Boats in Cartagena Real Life I","isPartOf":{"@id":"https:\/\/tropicaldestiny.com.co\/#website"},"primaryImageOfPage":{"@id":"https:\/\/tropicaldestiny.com.co\/producto\/lanchas-en-cartagena-real-life-i\/#primaryimage"},"image":{"@id":"https:\/\/tropicaldestiny.com.co\/producto\/lanchas-en-cartagena-real-life-i\/#primaryimage"},"thumbnailUrl":"https:\/\/tropicaldestiny.com.co\/wp-content\/uploads\/2025\/12\/La-Embarcacion-que-Buscas-1-1.jpg","datePublished":"2025-12-28T02:38:31+00:00","dateModified":"2026-02-22T00:43:43+00:00","description":"Lanchas en Cartagena Real Life I, disfruta de la mejor experiencia n\u00e1utica en embarcaciones deportivas en compa\u00f1\u00eda de tus familiares y amigos","breadcrumb":{"@id":"https:\/\/tropicaldestiny.com.co\/producto\/lanchas-en-cartagena-real-life-i\/#breadcrumb"},"inLanguage":"en-US","potentialAction":[{"@type":"ReadAction","target":["https:\/\/tropicaldestiny.com.co\/producto\/lanchas-en-cartagena-real-life-i\/"]}]},{"@type":"ImageObject","inLanguage":"en-US","@id":"https:\/\/tropicaldestiny.com.co\/producto\/lanchas-en-cartagena-real-life-i\/#primaryimage","url":"https:\/\/tropicaldestiny.com.co\/wp-content\/uploads\/2025\/12\/La-Embarcacion-que-Buscas-1-1.jpg","contentUrl":"https:\/\/tropicaldestiny.com.co\/wp-content\/uploads\/2025\/12\/La-Embarcacion-que-Buscas-1-1.jpg","width":1000,"height":750},{"@type":"BreadcrumbList","@id":"https:\/\/tropicaldestiny.com.co\/producto\/lanchas-en-cartagena-real-life-i\/#breadcrumb","itemListElement":[{"@type":"ListItem","position":1,"name":"Inicio","item":"https:\/\/tropicaldestiny.com.co\/"},{"@type":"ListItem","position":2,"name":"Shop","item":"https:\/\/tropicaldestiny.com.co\/shop\/"},{"@type":"ListItem","position":3,"name":"Lancha Real Life I"}]},{"@type":"WebSite","@id":"https:\/\/tropicaldestiny.com.co\/#website","url":"https:\/\/tropicaldestiny.com.co\/","name":"Tour por el caribe","description":"","publisher":{"@id":"https:\/\/tropicaldestiny.com.co\/#organization"},"potentialAction":[{"@type":"SearchAction","target":{"@type":"EntryPoint","urlTemplate":"https:\/\/tropicaldestiny.com.co\/?s={search_term_string}"},"query-input":{"@type":"PropertyValueSpecification","valueRequired":true,"valueName":"search_term_string"}}],"inLanguage":"en-US"},{"@type":"Organization","@id":"https:\/\/tropicaldestiny.com.co\/#organization","name":"Tour por el caribe","url":"https:\/\/tropicaldestiny.com.co\/","logo":{"@type":"ImageObject","inLanguage":"en-US","@id":"https:\/\/tropicaldestiny.com.co\/#\/schema\/logo\/image\/","url":"https:\/\/tropicaldestiny.com.co\/wp-content\/uploads\/2021\/08\/logo-horizontal-512-x-512.png","contentUrl":"https:\/\/tropicaldestiny.com.co\/wp-content\/uploads\/2021\/08\/logo-horizontal-512-x-512.png","width":512,"height":512,"caption":"Tour por el caribe"},"image":{"@id":"https:\/\/tropicaldestiny.com.co\/#\/schema\/logo\/image\/"},"sameAs":["https:\/\/www.facebook.com\/tourporelcaribe","https:\/\/x.com\/tourcaribe","https:\/\/www.instagram.com\/tourscaribe\/","https:\/\/www.youtube.com\/@tourcaribe"]}]}},"_links":{"self":[{"href":"https:\/\/tropicaldestiny.com.co\/en\/wp-json\/wp\/v2\/product\/1910","targetHints":{"allow":["GET"]}}],"collection":[{"href":"https:\/\/tropicaldestiny.com.co\/en\/wp-json\/wp\/v2\/product"}],"about":[{"href":"https:\/\/tropicaldestiny.com.co\/en\/wp-json\/wp\/v2\/types\/product"}],"replies":[{"embeddable":true,"href":"https:\/\/tropicaldestiny.com.co\/en\/wp-json\/wp\/v2\/comments?post=1910"}],"version-history":[{"count":0,"href":"https:\/\/tropicaldestiny.com.co\/en\/wp-json\/wp\/v2\/product\/1910\/revisions"}],"wp:featuredmedia":[{"embeddable":true,"href":"https:\/\/tropicaldestiny.com.co\/en\/wp-json\/wp\/v2\/media\/1909"}],"wp:attachment":[{"href":"https:\/\/tropicaldestiny.com.co\/en\/wp-json\/wp\/v2\/media?parent=1910"}],"wp:term":[{"taxonomy":"product_brand","embeddable":true,"href":"https:\/\/tropicaldestiny.com.co\/en\/wp-json\/wp\/v2\/product_brand?post=1910"},{"taxonomy":"product_cat","embeddable":true,"href":"https:\/\/tropicaldestiny.com.co\/en\/wp-json\/wp\/v2\/product_cat?post=1910"},{"taxonomy":"product_tag","embeddable":true,"href":"https:\/\/tropicaldestiny.com.co\/en\/wp-json\/wp\/v2\/product_tag?post=1910"}],"curies":[{"name":"wp","href":"https:\/\/api.w.org\/{rel}","templated":true}]}}