{"id":1656,"date":"2025-12-27T21:37:03","date_gmt":"2025-12-28T02:37:03","guid":{"rendered":"https:\/\/clickagencyads.com\/product\/lancha-sugar-daddy\/"},"modified":"2026-02-21T19:48:42","modified_gmt":"2026-02-22T00:48:42","slug":"yates-y-botes-en-cartagena-lancha-sugar-daddy","status":"publish","type":"product","link":"https:\/\/tropicaldestiny.com.co\/en\/product\/yates-y-botes-en-cartagena-lancha-sugar-daddy\/","title":{"rendered":"Sugar Daddy Boat"},"content":{"rendered":"<h2 style=\"text-align: center;\" data-start=\"42\" data-end=\"127\"><span style=\"color: #000000;\"><strong data-start=\"44\" data-end=\"127\">Yachts and Boats in Cartagena \u2013 Private Boat for Trips to the Rosario Islands<\/strong><\/span><\/h2>\n<p data-start=\"129\" data-end=\"482\"><span style=\"color: #000000;\">Exploring the Colombian Caribbean from the sea is one of the most exclusive experiences Cartagena has to offer. Our <strong data-start=\"268\" data-end=\"298\">yacht and boat service in Cartagena<\/strong> is designed for those who wish to explore the <strong data-start=\"346\" data-end=\"367\">Rosario Islands<\/strong> with complete privacy, comfort, and freedom, enjoying a day on the water with family and friends.<\/span><\/p>\n<p data-start=\"484\" data-end=\"822\"><span style=\"color: #000000;\">For many years, boat trips were traditional, involving sharing vessels with other groups and adhering to set routes and schedules. Today, this way of traveling has evolved. There is a new type of traveler seeking <strong data-start=\"723\" data-end=\"762\">high-value, private experiences<\/strong>, where every detail is tailored to their preferences and timeline.<\/span><\/p>\n<p data-start=\"824\" data-end=\"1010\"><span style=\"color: #000000;\">Therefore, we offer a <strong data-start=\"848\" data-end=\"891\">personalized sailing experience<\/strong>, designed for our most demanding customers, where service, comfort and enjoyment of the sea are the priority.<\/span><\/p>\n<hr data-start=\"1012\" data-end=\"1015\" \/>\n<h3 data-start=\"1017\" data-end=\"1070\"><span style=\"color: #000000;\"><strong data-start=\"1020\" data-end=\"1070\">Personalized Nautical Experience in Cartagena<\/strong><\/span><\/h3>\n<p data-start=\"1072\" data-end=\"1411\"><span style=\"color: #000000;\">We specialize in providing <strong data-start=\"1102\" data-end=\"1151\">private yacht and boat tours in Cartagena<\/strong>, focusing on customer service and creating memorable moments from the very first minute. From the initial attention to the onboard crew, every detail is carefully coordinated to ensure a seamless, safe, and completely enjoyable experience.<\/span><\/p>\n<p data-start=\"1413\" data-end=\"1636\"><span style=\"color: #000000;\">We sailed through the bay of Cartagena and headed to <strong data-start=\"1467\" data-end=\"1501\">private islands or native areas<\/strong>, ideal for relaxing, swimming in crystal-clear waters and disconnecting from the urban environment, enjoying the authentic spirit of the Caribbean.<\/span><\/p>\n<hr data-start=\"1638\" data-end=\"1641\" \/>\n<h3 data-start=\"1643\" data-end=\"1682\"><span style=\"color: #000000;\"><strong data-start=\"1646\" data-end=\"1682\">Private boat for 12 passengers<\/strong><\/span><\/h3>\n<p data-start=\"1684\" data-end=\"1828\"><span style=\"color: #000000;\">This boat is an ideal option for small and medium-sized groups looking for privacy, comfort and stable navigation throughout the day.<\/span><\/p>\n<h4 data-start=\"1830\" data-end=\"1871\"><span style=\"color: #000000;\"><strong data-start=\"1834\" data-end=\"1871\">Vessel Characteristics<\/strong><\/span><\/h4>\n<ul data-start=\"1872\" data-end=\"2089\">\n<li data-start=\"1872\" data-end=\"1895\">\n<p data-start=\"1874\" data-end=\"1895\"><span style=\"color: #000000;\"><strong data-start=\"1874\" data-end=\"1885\">Length:<\/strong> 33 feet<\/span><\/p>\n<\/li>\n<li data-start=\"1896\" data-end=\"1932\">\n<p data-start=\"1898\" data-end=\"1932\"><span style=\"color: #000000;\"><strong data-start=\"1898\" data-end=\"1910\">Engines:<\/strong> 2 x 150 HP engines<\/span><\/p>\n<\/li>\n<li data-start=\"1933\" data-end=\"1964\">\n<p data-start=\"1935\" data-end=\"1964\"><span style=\"color: #000000;\"><strong data-start=\"1935\" data-end=\"1949\">Capacity:<\/strong> 12 passengers<\/span><\/p>\n<\/li>\n<li data-start=\"1965\" data-end=\"2023\">\n<p data-start=\"1967\" data-end=\"2023\"><span style=\"color: #000000;\"><strong data-start=\"1967\" data-end=\"1978\">Sound:<\/strong> JL Audio Professional System with Bluetooth<\/span><\/p>\n<\/li>\n<li data-start=\"2024\" data-end=\"2089\">\n<p data-start=\"2026\" data-end=\"2052\"><span style=\"color: #000000;\"><strong data-start=\"2026\" data-end=\"2050\">Onboard amenities:<\/strong><\/span><\/p>\n<ul data-start=\"2055\" data-end=\"2089\">\n<li data-start=\"2055\" data-end=\"2078\">\n<p data-start=\"2057\" data-end=\"2078\"><span style=\"color: #000000;\">Bow sunbathing areas<\/span><\/p>\n<\/li>\n<li data-start=\"2081\" data-end=\"2089\">\n<p data-start=\"2083\" data-end=\"2089\"><span style=\"color: #000000;\">Bathroom<\/span><\/p>\n<\/li>\n<\/ul>\n<\/li>\n<\/ul>\n<p data-start=\"2091\" data-end=\"2203\"><span style=\"color: #000000;\">Its design allows you to enjoy the sun, the sea breeze and the scenery in total comfort throughout the journey.<\/span><\/p>\n<hr data-start=\"2205\" data-end=\"2208\" \/>\n<h3 data-start=\"2210\" data-end=\"2249\"><span style=\"color: #000000;\"><strong data-start=\"2213\" data-end=\"2249\">What's Included in the Boat Rental<\/strong><\/span><\/h3>\n<p data-start=\"2251\" data-end=\"2355\"><span style=\"color: #000000;\">Our service is designed so that you can focus solely on enjoying the sea. <strong data-start=\"2331\" data-end=\"2355\">The rental includes:<\/strong><\/span><\/p>\n<ul data-start=\"2357\" data-end=\"2489\">\n<li data-start=\"2357\" data-end=\"2394\">\n<p data-start=\"2359\" data-end=\"2394\"><span style=\"color: #000000;\"><strong data-start=\"2359\" data-end=\"2392\">8 hours of private browsing<\/strong><\/span><\/p>\n<\/li>\n<li data-start=\"2395\" data-end=\"2423\">\n<p data-start=\"2397\" data-end=\"2423\"><span style=\"color: #000000;\"><strong data-start=\"2397\" data-end=\"2421\">Fuel included<\/strong><\/span><\/p>\n<\/li>\n<li data-start=\"2424\" data-end=\"2455\">\n<p data-start=\"2426\" data-end=\"2455\"><span style=\"color: #000000;\"><strong data-start=\"2426\" data-end=\"2453\">Professional crew<\/strong><\/span><\/p>\n<\/li>\n<li data-start=\"2456\" data-end=\"2489\">\n<p data-start=\"2458\" data-end=\"2489\"><span style=\"color: #000000;\"><strong data-start=\"2458\" data-end=\"2487\">Nevera port\u00e1til con hielo<\/strong><\/span><\/p>\n<\/li>\n<\/ul>\n<p data-start=\"2491\" data-end=\"2584\"><span style=\"color: #000000;\">The entire tour is conducted with trained personnel and under optimal safety conditions.<\/span><\/p>\n<hr data-start=\"2586\" data-end=\"2589\" \/>\n<h3 data-start=\"2591\" data-end=\"2627\"><span style=\"color: #000000;\"><strong data-start=\"2594\" data-end=\"2627\">Logistics of the Boat Trip<\/strong><\/span><\/h3>\n<p data-start=\"2629\" data-end=\"2700\"><span style=\"color: #000000;\">For better organization of the day, we operate on the following schedule:<\/span><\/p>\n<ul data-start=\"2702\" data-end=\"2807\">\n<li data-start=\"2702\" data-end=\"2734\">\n<p data-start=\"2704\" data-end=\"2734\"><span style=\"color: #000000;\"><strong data-start=\"2704\" data-end=\"2722\">Departure time:<\/strong> 9:00 a.m.<\/span><\/p>\n<\/li>\n<li data-start=\"2735\" data-end=\"2769\">\n<p data-start=\"2737\" data-end=\"2769\"><span style=\"color: #000000;\"><strong data-start=\"2737\" data-end=\"2757\">Return time:<\/strong> 5:00 p.m.<\/span><\/p>\n<\/li>\n<li data-start=\"2770\" data-end=\"2807\">\n<p data-start=\"2772\" data-end=\"2807\"><span style=\"color: #000000;\"><em data-start=\"2772\" data-end=\"2807\">(Subject to weather conditions)<\/em><\/span><\/p>\n<\/li>\n<\/ul>\n<p data-start=\"2809\" data-end=\"2906\"><span style=\"color: #000000;\">Our team coordinates every detail to ensure a punctual and seamless experience.<\/span><\/p>\n<hr data-start=\"2908\" data-end=\"2911\" \/>\n<h3 data-start=\"2913\" data-end=\"2958\"><span style=\"color: #000000;\"><strong data-start=\"2916\" data-end=\"2958\">Nautical Route through the Rosario Islands<\/strong><\/span><\/h3>\n<p data-start=\"2960\" data-end=\"3087\"><span style=\"color: #000000;\">El recorrido incluye algunos de los destinos m\u00e1s representativos del archipi\u00e9lago, combinando descanso, naturaleza y diversi\u00f3n:<\/span><\/p>\n<ul data-start=\"3089\" data-end=\"3386\">\n<li data-start=\"3089\" data-end=\"3165\">\n<p data-start=\"3091\" data-end=\"3165\"><span style=\"color: #000000;\"><strong data-start=\"3091\" data-end=\"3107\">Big Island:<\/strong> Perfect for relaxing and enjoying the natural surroundings<\/span><\/p>\n<\/li>\n<li data-start=\"3166\" data-end=\"3239\">\n<p data-start=\"3168\" data-end=\"3239\"><span style=\"color: #000000;\"><strong data-start=\"3168\" data-end=\"3183\">The Pool:<\/strong> A natural reef with calm, crystal-clear waters<\/span><\/p>\n<\/li>\n<li data-start=\"3240\" data-end=\"3288\">\n<p data-start=\"3242\" data-end=\"3288\"><span style=\"color: #000000;\"><strong data-start=\"3242\" data-end=\"3253\">Chol\u00f3n:<\/strong> Known for its lively atmosphere<\/span><\/p>\n<\/li>\n<li data-start=\"3289\" data-end=\"3336\">\n<p data-start=\"3291\" data-end=\"3336\"><span style=\"color: #000000;\"><strong data-start=\"3291\" data-end=\"3305\">Blue Water:<\/strong> Ideal for swimming and relaxing<\/span><\/p>\n<\/li>\n<li data-start=\"3337\" data-end=\"3386\">\n<p data-start=\"3339\" data-end=\"3386\"><span style=\"color: #000000;\"><strong data-start=\"3339\" data-end=\"3348\">Bar\u00fa:<\/strong> Wide beaches and Caribbean landscapes<\/span><\/p>\n<\/li>\n<\/ul>\n<p data-start=\"3388\" data-end=\"3515\"><span style=\"color: #000000;\">\ud83d\udc49 <strong data-start=\"3391\" data-end=\"3455\">The route can be modified according to the client's preferences<\/strong>, always respecting sea conditions and safety.<\/span><\/p>\n<hr data-start=\"3517\" data-end=\"3520\" \/>\n<h3 data-start=\"3522\" data-end=\"3561\"><span style=\"color: #000000;\"><strong data-start=\"3525\" data-end=\"3561\">Safety and Peace of Mind on Board<\/strong><\/span><\/h3>\n<p data-start=\"3563\" data-end=\"3644\"><span style=\"color: #000000;\">The safety of our passengers is paramount. All departures include:<\/span><\/p>\n<ul data-start=\"3646\" data-end=\"3807\">\n<li data-start=\"3646\" data-end=\"3699\">\n<p data-start=\"3648\" data-end=\"3699\"><span style=\"color: #000000;\"><strong data-start=\"3648\" data-end=\"3697\">Group accident insurance policy for passengers<\/strong><\/span><\/p>\n<\/li>\n<li data-start=\"3700\" data-end=\"3739\">\n<p data-start=\"3702\" data-end=\"3739\"><span style=\"color: #000000;\"><strong data-start=\"3702\" data-end=\"3737\">Liability insurance policy<\/strong><\/span><\/p>\n<\/li>\n<li data-start=\"3740\" data-end=\"3767\">\n<p data-start=\"3742\" data-end=\"3767\"><span style=\"color: #000000;\">Certified crew<\/span><\/p>\n<\/li>\n<li data-start=\"3768\" data-end=\"3807\">\n<p data-start=\"3770\" data-end=\"3807\"><span style=\"color: #000000;\">Standard safety equipment<\/span><\/p>\n<\/li>\n<\/ul>\n<p data-start=\"3809\" data-end=\"3874\"><span style=\"color: #000000;\">Each navigation is carried out under clear and responsible protocols.<\/span><\/p>\n<hr data-start=\"3876\" data-end=\"3879\" \/>\n<h3 data-start=\"3881\" data-end=\"3914\"><span style=\"color: #000000;\"><strong data-start=\"3884\" data-end=\"3914\">Book Your Boat Today<\/strong><\/span><\/h3>\n<p data-start=\"3916\" data-end=\"4200\"><span style=\"color: #000000;\">If you're looking for a <strong data-start=\"3926\" data-end=\"3956\">yacht and boat service in Cartagena<\/strong> for a private, flexible, and upscale experience, this 12-passenger speedboat is an excellent choice. Enjoy the sea, the sun, and the Rosario Islands with complete freedom and service designed to create unforgettable memories.<\/span><\/p>\n<p data-start=\"4202\" data-end=\"4289\" data-is-last-node=\"\" data-is-only-node=\"\"><span style=\"color: #000000;\"><strong data-start=\"4202\" data-end=\"4232\">Book your boat today<\/strong> and experience the Caribbean from its best perspective: the sea. \ud83c\udf0a\u2693<\/span><\/p>\n<p style=\"text-align: center;\"><span style=\"color: #ff0000;\">\ud83d\udccc <strong data-start=\"1383\" data-end=\"1425\">Price subject to change depending on the season.<\/strong><\/span><br data-start=\"1425\" data-end=\"1428\" \/><span style=\"color: #000000;\"><em data-start=\"1430\" data-end=\"1499\">(Check availability and final price according to your booking date).<\/em><\/span><\/p>","protected":false},"excerpt":{"rendered":"<p><span style=\"color: #000000;\">You can reserve this boat with a 50% deposit, the rest you pay when you do the activity, or you can make the full payment.<\/span><\/p>\n<p style=\"text-align: center;\"><span style=\"color: #ff0000;\">\ud83d\udccc <strong data-start=\"1383\" data-end=\"1425\">Price subject to change depending on the season.<\/strong><\/span><br data-start=\"1425\" data-end=\"1428\" \/><span style=\"color: #000000;\"><em data-start=\"1430\" data-end=\"1499\">(Check availability and final price according to your booking date).<\/em><\/span><\/p>","protected":false},"featured_media":1655,"comment_status":"open","ping_status":"closed","template":"","meta":{"_joinchat":[]},"product_brand":[],"product_cat":[75,15,72],"product_tag":[],"class_list":{"0":"post-1656","1":"product","2":"type-product","3":"status-publish","4":"has-post-thumbnail","6":"product_cat-capacidad-12-14-pasajeros","7":"product_cat-alquiler-botes-deportivos-cartagena","8":"product_cat-alquiler-de-botes-deportivos-en-cartagena","10":"first","11":"instock","12":"virtual","13":"sold-individually","14":"purchasable","15":"product-type-booking"},"yoast_head":"<!-- This site is optimized with the Yoast SEO plugin v27.3 - https:\/\/yoast.com\/product\/yoast-seo-wordpress\/ -->\n<title>Yates y Botes en Cartagena Lancha Sugar Daddy<\/title>\n<meta name=\"description\" content=\"Yates y Botes en Cartagena Lancha Sugar Daddy para paseos a las islas del rosario, disfruta de la mejor experiencia n\u00e1utica en embarcaciones\" \/>\n<meta name=\"robots\" content=\"index, follow, max-snippet:-1, max-image-preview:large, max-video-preview:-1\" \/>\n<link rel=\"canonical\" href=\"https:\/\/tropicaldestiny.com.co\/en\/product\/yates-y-botes-en-cartagena-lancha-sugar-daddy\/\" \/>\n<meta property=\"og:locale\" content=\"en_US\" \/>\n<meta property=\"og:type\" content=\"article\" \/>\n<meta property=\"og:title\" content=\"Yates y Botes en Cartagena Lancha Sugar Daddy\" \/>\n<meta property=\"og:description\" content=\"Yates y Botes en Cartagena Lancha Sugar Daddy para paseos a las islas del rosario, disfruta de la mejor experiencia n\u00e1utica en embarcaciones\" \/>\n<meta property=\"og:url\" content=\"https:\/\/tropicaldestiny.com.co\/en\/product\/yates-y-botes-en-cartagena-lancha-sugar-daddy\/\" \/>\n<meta property=\"og:site_name\" content=\"Tropical Destiny\" \/>\n<meta property=\"article:publisher\" content=\"https:\/\/www.facebook.com\/tourporelcaribe\" \/>\n<meta property=\"article:modified_time\" content=\"2026-02-22T00:48:42+00:00\" \/>\n<meta property=\"og:image\" content=\"https:\/\/tropicaldestiny.com.co\/wp-content\/uploads\/2025\/12\/yates-y-botes-en-cartagena-sugar-daddy-1.jpeg\" \/>\n\t<meta property=\"og:image:width\" content=\"1000\" \/>\n\t<meta property=\"og:image:height\" content=\"800\" \/>\n\t<meta property=\"og:image:type\" content=\"image\/jpeg\" \/>\n<meta name=\"twitter:card\" content=\"summary_large_image\" \/>\n<meta name=\"twitter:site\" content=\"@tourcaribe\" \/>\n<meta name=\"twitter:label1\" content=\"Est. reading time\" \/>\n\t<meta name=\"twitter:data1\" content=\"3 minutes\" \/>\n<script type=\"application\/ld+json\" class=\"yoast-schema-graph\">{\"@context\":\"https:\\\/\\\/schema.org\",\"@graph\":[{\"@type\":\"WebPage\",\"@id\":\"https:\\\/\\\/tropicaldestiny.com.co\\\/producto\\\/yates-y-botes-en-cartagena-lancha-sugar-daddy\\\/\",\"url\":\"https:\\\/\\\/tropicaldestiny.com.co\\\/producto\\\/yates-y-botes-en-cartagena-lancha-sugar-daddy\\\/\",\"name\":\"Yates y Botes en Cartagena Lancha Sugar Daddy\",\"isPartOf\":{\"@id\":\"https:\\\/\\\/tropicaldestiny.com.co\\\/#website\"},\"primaryImageOfPage\":{\"@id\":\"https:\\\/\\\/tropicaldestiny.com.co\\\/producto\\\/yates-y-botes-en-cartagena-lancha-sugar-daddy\\\/#primaryimage\"},\"image\":{\"@id\":\"https:\\\/\\\/tropicaldestiny.com.co\\\/producto\\\/yates-y-botes-en-cartagena-lancha-sugar-daddy\\\/#primaryimage\"},\"thumbnailUrl\":\"https:\\\/\\\/tropicaldestiny.com.co\\\/wp-content\\\/uploads\\\/2025\\\/12\\\/yates-y-botes-en-cartagena-sugar-daddy-1.jpeg\",\"datePublished\":\"2025-12-28T02:37:03+00:00\",\"dateModified\":\"2026-02-22T00:48:42+00:00\",\"description\":\"Yates y Botes en Cartagena Lancha Sugar Daddy para paseos a las islas del rosario, disfruta de la mejor experiencia n\u00e1utica en embarcaciones\",\"breadcrumb\":{\"@id\":\"https:\\\/\\\/tropicaldestiny.com.co\\\/producto\\\/yates-y-botes-en-cartagena-lancha-sugar-daddy\\\/#breadcrumb\"},\"inLanguage\":\"en-US\",\"potentialAction\":[{\"@type\":\"ReadAction\",\"target\":[\"https:\\\/\\\/tropicaldestiny.com.co\\\/producto\\\/yates-y-botes-en-cartagena-lancha-sugar-daddy\\\/\"]}]},{\"@type\":\"ImageObject\",\"inLanguage\":\"en-US\",\"@id\":\"https:\\\/\\\/tropicaldestiny.com.co\\\/producto\\\/yates-y-botes-en-cartagena-lancha-sugar-daddy\\\/#primaryimage\",\"url\":\"https:\\\/\\\/tropicaldestiny.com.co\\\/wp-content\\\/uploads\\\/2025\\\/12\\\/yates-y-botes-en-cartagena-sugar-daddy-1.jpeg\",\"contentUrl\":\"https:\\\/\\\/tropicaldestiny.com.co\\\/wp-content\\\/uploads\\\/2025\\\/12\\\/yates-y-botes-en-cartagena-sugar-daddy-1.jpeg\",\"width\":1000,\"height\":800},{\"@type\":\"BreadcrumbList\",\"@id\":\"https:\\\/\\\/tropicaldestiny.com.co\\\/producto\\\/yates-y-botes-en-cartagena-lancha-sugar-daddy\\\/#breadcrumb\",\"itemListElement\":[{\"@type\":\"ListItem\",\"position\":1,\"name\":\"Inicio\",\"item\":\"https:\\\/\\\/tropicaldestiny.com.co\\\/\"},{\"@type\":\"ListItem\",\"position\":2,\"name\":\"Shop\",\"item\":\"https:\\\/\\\/tropicaldestiny.com.co\\\/shop\\\/\"},{\"@type\":\"ListItem\",\"position\":3,\"name\":\"Lancha Sugar Daddy\"}]},{\"@type\":\"WebSite\",\"@id\":\"https:\\\/\\\/tropicaldestiny.com.co\\\/#website\",\"url\":\"https:\\\/\\\/tropicaldestiny.com.co\\\/\",\"name\":\"Tour por el caribe\",\"description\":\"\",\"publisher\":{\"@id\":\"https:\\\/\\\/tropicaldestiny.com.co\\\/#organization\"},\"potentialAction\":[{\"@type\":\"SearchAction\",\"target\":{\"@type\":\"EntryPoint\",\"urlTemplate\":\"https:\\\/\\\/tropicaldestiny.com.co\\\/?s={search_term_string}\"},\"query-input\":{\"@type\":\"PropertyValueSpecification\",\"valueRequired\":true,\"valueName\":\"search_term_string\"}}],\"inLanguage\":\"en-US\"},{\"@type\":\"Organization\",\"@id\":\"https:\\\/\\\/tropicaldestiny.com.co\\\/#organization\",\"name\":\"Tour por el caribe\",\"url\":\"https:\\\/\\\/tropicaldestiny.com.co\\\/\",\"logo\":{\"@type\":\"ImageObject\",\"inLanguage\":\"en-US\",\"@id\":\"https:\\\/\\\/tropicaldestiny.com.co\\\/#\\\/schema\\\/logo\\\/image\\\/\",\"url\":\"https:\\\/\\\/tropicaldestiny.com.co\\\/wp-content\\\/uploads\\\/2021\\\/08\\\/logo-horizontal-512-x-512.png\",\"contentUrl\":\"https:\\\/\\\/tropicaldestiny.com.co\\\/wp-content\\\/uploads\\\/2021\\\/08\\\/logo-horizontal-512-x-512.png\",\"width\":512,\"height\":512,\"caption\":\"Tour por el caribe\"},\"image\":{\"@id\":\"https:\\\/\\\/tropicaldestiny.com.co\\\/#\\\/schema\\\/logo\\\/image\\\/\"},\"sameAs\":[\"https:\\\/\\\/www.facebook.com\\\/tourporelcaribe\",\"https:\\\/\\\/x.com\\\/tourcaribe\",\"https:\\\/\\\/www.instagram.com\\\/tourscaribe\\\/\",\"https:\\\/\\\/www.youtube.com\\\/@tourcaribe\"]}]}<\/script>\n<!-- \/ Yoast SEO plugin. -->","yoast_head_json":{"title":"Yates y Botes en Cartagena Lancha Sugar Daddy","description":"Yates y Botes en Cartagena Lancha Sugar Daddy para paseos a las islas del rosario, disfruta de la mejor experiencia n\u00e1utica en embarcaciones","robots":{"index":"index","follow":"follow","max-snippet":"max-snippet:-1","max-image-preview":"max-image-preview:large","max-video-preview":"max-video-preview:-1"},"canonical":"https:\/\/tropicaldestiny.com.co\/en\/product\/yates-y-botes-en-cartagena-lancha-sugar-daddy\/","og_locale":"en_US","og_type":"article","og_title":"Yates y Botes en Cartagena Lancha Sugar Daddy","og_description":"Yates y Botes en Cartagena Lancha Sugar Daddy para paseos a las islas del rosario, disfruta de la mejor experiencia n\u00e1utica en embarcaciones","og_url":"https:\/\/tropicaldestiny.com.co\/en\/product\/yates-y-botes-en-cartagena-lancha-sugar-daddy\/","og_site_name":"Tropical Destiny","article_publisher":"https:\/\/www.facebook.com\/tourporelcaribe","article_modified_time":"2026-02-22T00:48:42+00:00","og_image":[{"width":1000,"height":800,"url":"https:\/\/tropicaldestiny.com.co\/wp-content\/uploads\/2025\/12\/yates-y-botes-en-cartagena-sugar-daddy-1.jpeg","type":"image\/jpeg"}],"twitter_card":"summary_large_image","twitter_site":"@tourcaribe","twitter_misc":{"Est. reading time":"3 minutes"},"schema":{"@context":"https:\/\/schema.org","@graph":[{"@type":"WebPage","@id":"https:\/\/tropicaldestiny.com.co\/producto\/yates-y-botes-en-cartagena-lancha-sugar-daddy\/","url":"https:\/\/tropicaldestiny.com.co\/producto\/yates-y-botes-en-cartagena-lancha-sugar-daddy\/","name":"Yates y Botes en Cartagena Lancha Sugar Daddy","isPartOf":{"@id":"https:\/\/tropicaldestiny.com.co\/#website"},"primaryImageOfPage":{"@id":"https:\/\/tropicaldestiny.com.co\/producto\/yates-y-botes-en-cartagena-lancha-sugar-daddy\/#primaryimage"},"image":{"@id":"https:\/\/tropicaldestiny.com.co\/producto\/yates-y-botes-en-cartagena-lancha-sugar-daddy\/#primaryimage"},"thumbnailUrl":"https:\/\/tropicaldestiny.com.co\/wp-content\/uploads\/2025\/12\/yates-y-botes-en-cartagena-sugar-daddy-1.jpeg","datePublished":"2025-12-28T02:37:03+00:00","dateModified":"2026-02-22T00:48:42+00:00","description":"Yates y Botes en Cartagena Lancha Sugar Daddy para paseos a las islas del rosario, disfruta de la mejor experiencia n\u00e1utica en embarcaciones","breadcrumb":{"@id":"https:\/\/tropicaldestiny.com.co\/producto\/yates-y-botes-en-cartagena-lancha-sugar-daddy\/#breadcrumb"},"inLanguage":"en-US","potentialAction":[{"@type":"ReadAction","target":["https:\/\/tropicaldestiny.com.co\/producto\/yates-y-botes-en-cartagena-lancha-sugar-daddy\/"]}]},{"@type":"ImageObject","inLanguage":"en-US","@id":"https:\/\/tropicaldestiny.com.co\/producto\/yates-y-botes-en-cartagena-lancha-sugar-daddy\/#primaryimage","url":"https:\/\/tropicaldestiny.com.co\/wp-content\/uploads\/2025\/12\/yates-y-botes-en-cartagena-sugar-daddy-1.jpeg","contentUrl":"https:\/\/tropicaldestiny.com.co\/wp-content\/uploads\/2025\/12\/yates-y-botes-en-cartagena-sugar-daddy-1.jpeg","width":1000,"height":800},{"@type":"BreadcrumbList","@id":"https:\/\/tropicaldestiny.com.co\/producto\/yates-y-botes-en-cartagena-lancha-sugar-daddy\/#breadcrumb","itemListElement":[{"@type":"ListItem","position":1,"name":"Inicio","item":"https:\/\/tropicaldestiny.com.co\/"},{"@type":"ListItem","position":2,"name":"Shop","item":"https:\/\/tropicaldestiny.com.co\/shop\/"},{"@type":"ListItem","position":3,"name":"Lancha Sugar Daddy"}]},{"@type":"WebSite","@id":"https:\/\/tropicaldestiny.com.co\/#website","url":"https:\/\/tropicaldestiny.com.co\/","name":"Tour por el caribe","description":"","publisher":{"@id":"https:\/\/tropicaldestiny.com.co\/#organization"},"potentialAction":[{"@type":"SearchAction","target":{"@type":"EntryPoint","urlTemplate":"https:\/\/tropicaldestiny.com.co\/?s={search_term_string}"},"query-input":{"@type":"PropertyValueSpecification","valueRequired":true,"valueName":"search_term_string"}}],"inLanguage":"en-US"},{"@type":"Organization","@id":"https:\/\/tropicaldestiny.com.co\/#organization","name":"Tour por el caribe","url":"https:\/\/tropicaldestiny.com.co\/","logo":{"@type":"ImageObject","inLanguage":"en-US","@id":"https:\/\/tropicaldestiny.com.co\/#\/schema\/logo\/image\/","url":"https:\/\/tropicaldestiny.com.co\/wp-content\/uploads\/2021\/08\/logo-horizontal-512-x-512.png","contentUrl":"https:\/\/tropicaldestiny.com.co\/wp-content\/uploads\/2021\/08\/logo-horizontal-512-x-512.png","width":512,"height":512,"caption":"Tour por el caribe"},"image":{"@id":"https:\/\/tropicaldestiny.com.co\/#\/schema\/logo\/image\/"},"sameAs":["https:\/\/www.facebook.com\/tourporelcaribe","https:\/\/x.com\/tourcaribe","https:\/\/www.instagram.com\/tourscaribe\/","https:\/\/www.youtube.com\/@tourcaribe"]}]}},"_links":{"self":[{"href":"https:\/\/tropicaldestiny.com.co\/en\/wp-json\/wp\/v2\/product\/1656","targetHints":{"allow":["GET"]}}],"collection":[{"href":"https:\/\/tropicaldestiny.com.co\/en\/wp-json\/wp\/v2\/product"}],"about":[{"href":"https:\/\/tropicaldestiny.com.co\/en\/wp-json\/wp\/v2\/types\/product"}],"replies":[{"embeddable":true,"href":"https:\/\/tropicaldestiny.com.co\/en\/wp-json\/wp\/v2\/comments?post=1656"}],"version-history":[{"count":0,"href":"https:\/\/tropicaldestiny.com.co\/en\/wp-json\/wp\/v2\/product\/1656\/revisions"}],"wp:featuredmedia":[{"embeddable":true,"href":"https:\/\/tropicaldestiny.com.co\/en\/wp-json\/wp\/v2\/media\/1655"}],"wp:attachment":[{"href":"https:\/\/tropicaldestiny.com.co\/en\/wp-json\/wp\/v2\/media?parent=1656"}],"wp:term":[{"taxonomy":"product_brand","embeddable":true,"href":"https:\/\/tropicaldestiny.com.co\/en\/wp-json\/wp\/v2\/product_brand?post=1656"},{"taxonomy":"product_cat","embeddable":true,"href":"https:\/\/tropicaldestiny.com.co\/en\/wp-json\/wp\/v2\/product_cat?post=1656"},{"taxonomy":"product_tag","embeddable":true,"href":"https:\/\/tropicaldestiny.com.co\/en\/wp-json\/wp\/v2\/product_tag?post=1656"}],"curies":[{"name":"wp","href":"https:\/\/api.w.org\/{rel}","templated":true}]}}