{"id":11,"date":"2025-12-27T21:14:59","date_gmt":"2025-12-28T02:14:59","guid":{"rendered":"https:\/\/clickagencyads.com\/terms-conditions\/"},"modified":"2026-01-16T08:06:37","modified_gmt":"2026-01-16T13:06:37","slug":"terms-conditions","status":"publish","type":"page","link":"https:\/\/tropicaldestiny.com.co\/en\/terms-conditions\/","title":{"rendered":"Terms and conditions"},"content":{"rendered":"<ul class=\"wp-block-list\">\n<li><mark style=\"background-color:rgba(0, 0, 0, 0)\" class=\"has-inline-color has-black-color\">Nuestro servicio est\u00e1 sujeto a condiciones clim\u00e1ticas y\/o mandatos de las autoridades mar\u00edtimas del momento.<\/mark><\/li>\n\n\n\n<li><mark style=\"background-color:rgba(0, 0, 0, 0)\" class=\"has-inline-color has-black-color\">Las cancelaciones del servicio deber\u00e1n ser solicitadas con 7 d\u00edas o m\u00e1s de anticipaci\u00f3n al d\u00eda del viaje, recuperando el 100% de devoluci\u00f3n. (fuera de ese rango de tiempo no aplican devoluciones).<\/mark><\/li>\n\n\n\n<li><mark style=\"background-color:rgba(0, 0, 0, 0)\" class=\"has-inline-color has-black-color\">Todo ni\u00f1o mayor de 3 a\u00f1os paga tarifa y debe ir acompa\u00f1ado por un adulto<\/mark>.<\/li>\n\n\n\n<li><mark style=\"background-color:rgba(0, 0, 0, 0)\" class=\"has-inline-color has-black-color\">Si el pasajero no esta a tiempo en el momento de la recogida, se tomara como NO show y perder\u00e1 su reserva.<\/mark><\/li>\n\n\n\n<li><mark style=\"background-color:rgba(0, 0, 0, 0)\" class=\"has-inline-color has-black-color\">Nos reservamos el derecho de admisi\u00f3n a personas que atenten contra el normal desarrollo\/operaci\u00f3n y seguridad del viaje.<\/mark><\/li>\n<\/ul>","protected":false},"excerpt":{"rendered":"","protected":false},"author":1,"featured_media":0,"parent":0,"menu_order":0,"comment_status":"closed","ping_status":"closed","template":"","meta":{"_joinchat":[],"footnotes":""},"class_list":["post-11","page","type-page","status-publish","hentry"],"yoast_head":"<!-- This site is optimized with the Yoast SEO plugin v27.3 - https:\/\/yoast.com\/product\/yoast-seo-wordpress\/ -->\n<title>T\u00e9rminos y condiciones | Tropical Destiny<\/title>\n<meta name=\"robots\" content=\"noindex, follow\" \/>\n<meta property=\"og:locale\" content=\"en_US\" \/>\n<meta property=\"og:type\" content=\"article\" \/>\n<meta property=\"og:title\" content=\"T\u00e9rminos y condiciones | Tropical Destiny\" \/>\n<meta property=\"og:url\" content=\"https:\/\/tropicaldestiny.com.co\/en\/terms-conditions\/\" \/>\n<meta property=\"og:site_name\" content=\"Tropical Destiny\" \/>\n<meta property=\"article:publisher\" content=\"https:\/\/www.facebook.com\/tourporelcaribe\" \/>\n<meta property=\"article:modified_time\" content=\"2026-01-16T13:06:37+00:00\" \/>\n<meta name=\"twitter:card\" content=\"summary_large_image\" \/>\n<meta name=\"twitter:site\" content=\"@tourcaribe\" \/>\n<meta name=\"twitter:label1\" content=\"Est. reading time\" \/>\n\t<meta name=\"twitter:data1\" content=\"1 minute\" \/>\n<script type=\"application\/ld+json\" class=\"yoast-schema-graph\">{\"@context\":\"https:\\\/\\\/schema.org\",\"@graph\":[{\"@type\":\"WebPage\",\"@id\":\"https:\\\/\\\/tropicaldestiny.com.co\\\/terms-conditions\\\/\",\"url\":\"https:\\\/\\\/tropicaldestiny.com.co\\\/terms-conditions\\\/\",\"name\":\"T\u00e9rminos y condiciones | Tropical Destiny\",\"isPartOf\":{\"@id\":\"https:\\\/\\\/tropicaldestiny.com.co\\\/#website\"},\"datePublished\":\"2025-12-28T02:14:59+00:00\",\"dateModified\":\"2026-01-16T13:06:37+00:00\",\"breadcrumb\":{\"@id\":\"https:\\\/\\\/tropicaldestiny.com.co\\\/terms-conditions\\\/#breadcrumb\"},\"inLanguage\":\"en-US\",\"potentialAction\":[{\"@type\":\"ReadAction\",\"target\":[\"https:\\\/\\\/tropicaldestiny.com.co\\\/terms-conditions\\\/\"]}]},{\"@type\":\"BreadcrumbList\",\"@id\":\"https:\\\/\\\/tropicaldestiny.com.co\\\/terms-conditions\\\/#breadcrumb\",\"itemListElement\":[{\"@type\":\"ListItem\",\"position\":1,\"name\":\"Inicio\",\"item\":\"https:\\\/\\\/tropicaldestiny.com.co\\\/\"},{\"@type\":\"ListItem\",\"position\":2,\"name\":\"T\u00e9rminos y condiciones\"}]},{\"@type\":\"WebSite\",\"@id\":\"https:\\\/\\\/tropicaldestiny.com.co\\\/#website\",\"url\":\"https:\\\/\\\/tropicaldestiny.com.co\\\/\",\"name\":\"Tour por el caribe\",\"description\":\"\",\"publisher\":{\"@id\":\"https:\\\/\\\/tropicaldestiny.com.co\\\/#organization\"},\"potentialAction\":[{\"@type\":\"SearchAction\",\"target\":{\"@type\":\"EntryPoint\",\"urlTemplate\":\"https:\\\/\\\/tropicaldestiny.com.co\\\/?s={search_term_string}\"},\"query-input\":{\"@type\":\"PropertyValueSpecification\",\"valueRequired\":true,\"valueName\":\"search_term_string\"}}],\"inLanguage\":\"en-US\"},{\"@type\":\"Organization\",\"@id\":\"https:\\\/\\\/tropicaldestiny.com.co\\\/#organization\",\"name\":\"Tour por el caribe\",\"url\":\"https:\\\/\\\/tropicaldestiny.com.co\\\/\",\"logo\":{\"@type\":\"ImageObject\",\"inLanguage\":\"en-US\",\"@id\":\"https:\\\/\\\/tropicaldestiny.com.co\\\/#\\\/schema\\\/logo\\\/image\\\/\",\"url\":\"https:\\\/\\\/tropicaldestiny.com.co\\\/wp-content\\\/uploads\\\/2021\\\/08\\\/logo-horizontal-512-x-512.png\",\"contentUrl\":\"https:\\\/\\\/tropicaldestiny.com.co\\\/wp-content\\\/uploads\\\/2021\\\/08\\\/logo-horizontal-512-x-512.png\",\"width\":512,\"height\":512,\"caption\":\"Tour por el caribe\"},\"image\":{\"@id\":\"https:\\\/\\\/tropicaldestiny.com.co\\\/#\\\/schema\\\/logo\\\/image\\\/\"},\"sameAs\":[\"https:\\\/\\\/www.facebook.com\\\/tourporelcaribe\",\"https:\\\/\\\/x.com\\\/tourcaribe\",\"https:\\\/\\\/www.instagram.com\\\/tourscaribe\\\/\",\"https:\\\/\\\/www.youtube.com\\\/@tourcaribe\"]}]}<\/script>\n<!-- \/ Yoast SEO plugin. -->","yoast_head_json":{"title":"T\u00e9rminos y condiciones | Tropical Destiny","robots":{"index":"noindex","follow":"follow"},"og_locale":"en_US","og_type":"article","og_title":"T\u00e9rminos y condiciones | Tropical Destiny","og_url":"https:\/\/tropicaldestiny.com.co\/en\/terms-conditions\/","og_site_name":"Tropical Destiny","article_publisher":"https:\/\/www.facebook.com\/tourporelcaribe","article_modified_time":"2026-01-16T13:06:37+00:00","twitter_card":"summary_large_image","twitter_site":"@tourcaribe","twitter_misc":{"Est. reading time":"1 minute"},"schema":{"@context":"https:\/\/schema.org","@graph":[{"@type":"WebPage","@id":"https:\/\/tropicaldestiny.com.co\/terms-conditions\/","url":"https:\/\/tropicaldestiny.com.co\/terms-conditions\/","name":"T\u00e9rminos y condiciones | Tropical Destiny","isPartOf":{"@id":"https:\/\/tropicaldestiny.com.co\/#website"},"datePublished":"2025-12-28T02:14:59+00:00","dateModified":"2026-01-16T13:06:37+00:00","breadcrumb":{"@id":"https:\/\/tropicaldestiny.com.co\/terms-conditions\/#breadcrumb"},"inLanguage":"en-US","potentialAction":[{"@type":"ReadAction","target":["https:\/\/tropicaldestiny.com.co\/terms-conditions\/"]}]},{"@type":"BreadcrumbList","@id":"https:\/\/tropicaldestiny.com.co\/terms-conditions\/#breadcrumb","itemListElement":[{"@type":"ListItem","position":1,"name":"Inicio","item":"https:\/\/tropicaldestiny.com.co\/"},{"@type":"ListItem","position":2,"name":"T\u00e9rminos y condiciones"}]},{"@type":"WebSite","@id":"https:\/\/tropicaldestiny.com.co\/#website","url":"https:\/\/tropicaldestiny.com.co\/","name":"Tour por el caribe","description":"","publisher":{"@id":"https:\/\/tropicaldestiny.com.co\/#organization"},"potentialAction":[{"@type":"SearchAction","target":{"@type":"EntryPoint","urlTemplate":"https:\/\/tropicaldestiny.com.co\/?s={search_term_string}"},"query-input":{"@type":"PropertyValueSpecification","valueRequired":true,"valueName":"search_term_string"}}],"inLanguage":"en-US"},{"@type":"Organization","@id":"https:\/\/tropicaldestiny.com.co\/#organization","name":"Tour por el caribe","url":"https:\/\/tropicaldestiny.com.co\/","logo":{"@type":"ImageObject","inLanguage":"en-US","@id":"https:\/\/tropicaldestiny.com.co\/#\/schema\/logo\/image\/","url":"https:\/\/tropicaldestiny.com.co\/wp-content\/uploads\/2021\/08\/logo-horizontal-512-x-512.png","contentUrl":"https:\/\/tropicaldestiny.com.co\/wp-content\/uploads\/2021\/08\/logo-horizontal-512-x-512.png","width":512,"height":512,"caption":"Tour por el caribe"},"image":{"@id":"https:\/\/tropicaldestiny.com.co\/#\/schema\/logo\/image\/"},"sameAs":["https:\/\/www.facebook.com\/tourporelcaribe","https:\/\/x.com\/tourcaribe","https:\/\/www.instagram.com\/tourscaribe\/","https:\/\/www.youtube.com\/@tourcaribe"]}]}},"_links":{"self":[{"href":"https:\/\/tropicaldestiny.com.co\/en\/wp-json\/wp\/v2\/pages\/11","targetHints":{"allow":["GET"]}}],"collection":[{"href":"https:\/\/tropicaldestiny.com.co\/en\/wp-json\/wp\/v2\/pages"}],"about":[{"href":"https:\/\/tropicaldestiny.com.co\/en\/wp-json\/wp\/v2\/types\/page"}],"author":[{"embeddable":true,"href":"https:\/\/tropicaldestiny.com.co\/en\/wp-json\/wp\/v2\/users\/1"}],"replies":[{"embeddable":true,"href":"https:\/\/tropicaldestiny.com.co\/en\/wp-json\/wp\/v2\/comments?post=11"}],"version-history":[{"count":0,"href":"https:\/\/tropicaldestiny.com.co\/en\/wp-json\/wp\/v2\/pages\/11\/revisions"}],"wp:attachment":[{"href":"https:\/\/tropicaldestiny.com.co\/en\/wp-json\/wp\/v2\/media?parent=11"}],"curies":[{"name":"wp","href":"https:\/\/api.w.org\/{rel}","templated":true}]}}